{"id":612,"date":"2023-06-11T04:22:49","date_gmt":"2023-06-11T04:22:49","guid":{"rendered":"https:\/\/www.lorenscollection.com\/CatalogoUSA\/?post_type=product&#038;p=612"},"modified":"2023-11-19T06:52:30","modified_gmt":"2023-11-19T06:52:30","slug":"referencia-6877","status":"publish","type":"product","link":"https:\/\/www.lorenscollection.com\/CatalogoUSA\/product\/referencia-6877\/","title":{"rendered":"Referencia  2022"},"content":{"rendered":"<h1 style=\"text-align: center;\"><strong>Ref. 2022<\/strong><\/h1>\n<h1 style=\"text-align: center;\"><strong>Pantal\u00f3n levanta cola, <\/strong><\/h1>\n<h1 style=\"text-align: center;\"><strong>Algod\u00f3n 72-70<\/strong><br \/>\n<strong>poli\u00e9ster filamento 25-85<\/strong><\/h1>\n<h1 style=\"text-align: center;\"><strong>elastano 1,45%<\/strong><\/h1>\n<h1 style=\"text-align: center;\"><strong>Tallas\u00a0:\u00a08-10-12-14-16<\/strong><\/h1>\n","protected":false},"excerpt":{"rendered":"<p>Ref. 2022 Pantal\u00f3n levanta cola, Algod\u00f3n 72-70 poli\u00e9ster filamento 25-85 elastano 1,45% Tallas\u00a0:\u00a08-10-12-14-16<\/p>\n","protected":false},"featured_media":614,"comment_status":"open","ping_status":"closed","template":"","meta":{"_coblocks_attr":"","_coblocks_dimensions":"","_coblocks_responsive_height":"","_coblocks_accordion_ie_support":""},"product_cat":[5],"product_tag":[156,155,154],"_links":{"self":[{"href":"https:\/\/www.lorenscollection.com\/CatalogoUSA\/wp-json\/wp\/v2\/product\/612"}],"collection":[{"href":"https:\/\/www.lorenscollection.com\/CatalogoUSA\/wp-json\/wp\/v2\/product"}],"about":[{"href":"https:\/\/www.lorenscollection.com\/CatalogoUSA\/wp-json\/wp\/v2\/types\/product"}],"replies":[{"embeddable":true,"href":"https:\/\/www.lorenscollection.com\/CatalogoUSA\/wp-json\/wp\/v2\/comments?post=612"}],"wp:featuredmedia":[{"embeddable":true,"href":"https:\/\/www.lorenscollection.com\/CatalogoUSA\/wp-json\/wp\/v2\/media\/614"}],"wp:attachment":[{"href":"https:\/\/www.lorenscollection.com\/CatalogoUSA\/wp-json\/wp\/v2\/media?parent=612"}],"wp:term":[{"taxonomy":"product_cat","embeddable":true,"href":"https:\/\/www.lorenscollection.com\/CatalogoUSA\/wp-json\/wp\/v2\/product_cat?post=612"},{"taxonomy":"product_tag","embeddable":true,"href":"https:\/\/www.lorenscollection.com\/CatalogoUSA\/wp-json\/wp\/v2\/product_tag?post=612"}],"curies":[{"name":"wp","href":"https:\/\/api.w.org\/{rel}","templated":true}]}}