{"id":306,"date":"2023-05-14T21:22:40","date_gmt":"2023-05-14T21:22:40","guid":{"rendered":"https:\/\/www.lorenscollection.com\/CatalogoUSA\/?post_type=product&#038;p=306"},"modified":"2023-06-11T22:41:45","modified_gmt":"2023-06-11T22:41:45","slug":"vestido-de-bano-de-dos-piezas-crop-top-ref-2311","status":"publish","type":"product","link":"https:\/\/www.lorenscollection.com\/CatalogoUSA\/product\/vestido-de-bano-de-dos-piezas-crop-top-ref-2311\/","title":{"rendered":"Vestido de ba\u00f1o de dos piezas.crop top Ref. 2311"},"content":{"rendered":"<h1><span style=\"font-weight: 400;\">Vestido de ba\u00f1o de dos piezas.crop top con copas fijas con dise\u00f1o en espalda entrecuzados siendo sexy y c\u00f3modo como prenda exterior, panty alto de pierna con tiras laterales que se pueden recoger a tu medida<\/span><\/h1>\n<h1><span style=\"font-weight: 400;\">Talla:\u00a0 M<\/span><\/h1>\n<h1><span style=\"font-weight: 400;\">Ref. 2311<\/span><\/h1>\n","protected":false},"excerpt":{"rendered":"<p>Vestido de ba\u00f1o de dos piezas.crop top con copas fijas con dise\u00f1o en espalda entrecuzados siendo sexy y c\u00f3modo como prenda exterior, panty alto de pierna con tiras laterales que se pueden recoger a tu medida Talla:\u00a0 M Ref. 2311<\/p>\n","protected":false},"featured_media":452,"comment_status":"open","ping_status":"closed","template":"","meta":{"_coblocks_attr":"","_coblocks_dimensions":"","_coblocks_responsive_height":"","_coblocks_accordion_ie_support":""},"product_cat":[6],"product_tag":[30,29],"_links":{"self":[{"href":"https:\/\/www.lorenscollection.com\/CatalogoUSA\/wp-json\/wp\/v2\/product\/306"}],"collection":[{"href":"https:\/\/www.lorenscollection.com\/CatalogoUSA\/wp-json\/wp\/v2\/product"}],"about":[{"href":"https:\/\/www.lorenscollection.com\/CatalogoUSA\/wp-json\/wp\/v2\/types\/product"}],"replies":[{"embeddable":true,"href":"https:\/\/www.lorenscollection.com\/CatalogoUSA\/wp-json\/wp\/v2\/comments?post=306"}],"wp:featuredmedia":[{"embeddable":true,"href":"https:\/\/www.lorenscollection.com\/CatalogoUSA\/wp-json\/wp\/v2\/media\/452"}],"wp:attachment":[{"href":"https:\/\/www.lorenscollection.com\/CatalogoUSA\/wp-json\/wp\/v2\/media?parent=306"}],"wp:term":[{"taxonomy":"product_cat","embeddable":true,"href":"https:\/\/www.lorenscollection.com\/CatalogoUSA\/wp-json\/wp\/v2\/product_cat?post=306"},{"taxonomy":"product_tag","embeddable":true,"href":"https:\/\/www.lorenscollection.com\/CatalogoUSA\/wp-json\/wp\/v2\/product_tag?post=306"}],"curies":[{"name":"wp","href":"https:\/\/api.w.org\/{rel}","templated":true}]}}